{"id":7,"date":"2017-01-04T08:04:27","date_gmt":"2017-01-04T10:04:27","guid":{"rendered":"http:\/\/localhost\/finance\/?page_id=7"},"modified":"2024-04-30T10:36:16","modified_gmt":"2024-04-30T13:36:16","slug":"posts","status":"publish","type":"page","link":"https:\/\/prodata.inf.br\/colaborador\/posts\/","title":{"rendered":"Posts"},"content":{"rendered":"<div class=\"rsc_message\">A \u00c1rea do Colaborador \u00e9 reservada para colaboradores Prodata, por favor fa\u00e7a o login para acessa-la.<\/div>","protected":false},"excerpt":{"rendered":"<p>A \u00c1rea do Colaborador \u00e9 reservada para colaboradores Prodata, por favor fa\u00e7a o login para acessa-la.<\/p>\n","protected":false},"author":1,"featured_media":0,"parent":0,"menu_order":0,"comment_status":"closed","ping_status":"closed","template":"tpl\/page_fullwidth.php","meta":{"_editorskit_title_hidden":false,"_editorskit_reading_time":0,"_editorskit_is_block_options_detached":false,"_editorskit_block_options_position":"{}","_uag_custom_page_level_css":"","footnotes":""},"class_list":["post-7","page","type-page","status-publish","hentry"],"uagb_featured_image_src":{"full":false,"thumbnail":false,"medium":false,"medium_large":false,"large":false,"1536x1536":false,"2048x2048":false,"themesflat-recent-news-thumb":false,"themesflat-portfolio-thumb":false,"themesflat-blog":false,"themesflat-gallery-portfolio":false,"themesflat-blog-shortcode":false},"uagb_author_info":{"display_name":"rafa82as","author_link":"https:\/\/prodata.inf.br\/colaborador\/author\/rafa82as\/"},"uagb_comment_info":0,"uagb_excerpt":"A \u00c1rea do Colaborador \u00e9 reservada para colaboradores Prodata, por favor fa\u00e7a o login para acessa-la.","_links":{"self":[{"href":"https:\/\/prodata.inf.br\/colaborador\/wp-json\/wp\/v2\/pages\/7","targetHints":{"allow":["GET"]}}],"collection":[{"href":"https:\/\/prodata.inf.br\/colaborador\/wp-json\/wp\/v2\/pages"}],"about":[{"href":"https:\/\/prodata.inf.br\/colaborador\/wp-json\/wp\/v2\/types\/page"}],"author":[{"embeddable":true,"href":"https:\/\/prodata.inf.br\/colaborador\/wp-json\/wp\/v2\/users\/1"}],"replies":[{"embeddable":true,"href":"https:\/\/prodata.inf.br\/colaborador\/wp-json\/wp\/v2\/comments?post=7"}],"version-history":[{"count":5,"href":"https:\/\/prodata.inf.br\/colaborador\/wp-json\/wp\/v2\/pages\/7\/revisions"}],"predecessor-version":[{"id":9068,"href":"https:\/\/prodata.inf.br\/colaborador\/wp-json\/wp\/v2\/pages\/7\/revisions\/9068"}],"wp:attachment":[{"href":"https:\/\/prodata.inf.br\/colaborador\/wp-json\/wp\/v2\/media?parent=7"}],"curies":[{"name":"wp","href":"https:\/\/api.w.org\/{rel}","templated":true}]}}